{"id":1321,"date":"2026-01-25T22:28:26","date_gmt":"2026-01-25T21:28:26","guid":{"rendered":"https:\/\/dandoleotravuelta.com\/?page_id=1321"},"modified":"2026-01-29T20:25:48","modified_gmt":"2026-01-29T19:25:48","slug":"el-libro","status":"publish","type":"page","link":"https:\/\/dandoleotravuelta.com\/?page_id=1321","title":{"rendered":"Inicio"},"content":{"rendered":"\t\t<div data-elementor-type=\"wp-page\" data-elementor-id=\"1321\" class=\"elementor elementor-1321\" data-elementor-post-type=\"page\">\n\t\t\t\t<div class=\"elementor-element elementor-element-52e1fb8 e-flex e-con-boxed e-con e-parent\" data-id=\"52e1fb8\" data-element_type=\"container\">\n\t\t\t\t\t<div class=\"e-con-inner\">\n\t\t<div class=\"elementor-element elementor-element-81ee3d2 e-con-full e-flex e-con e-child\" data-id=\"81ee3d2\" data-element_type=\"container\">\n\t\t\t\t<\/div>\n\t\t<div class=\"elementor-element elementor-element-36346f9 e-con-full e-flex e-con e-child\" data-id=\"36346f9\" data-element_type=\"container\">\n\t\t\t\t<div class=\"elementor-element elementor-element-5850da5 elementor-widget elementor-widget-image\" data-id=\"5850da5\" data-element_type=\"widget\" data-widget_type=\"image.default\">\n\t\t\t\t<div class=\"elementor-widget-container\">\n\t\t\t\t\t\t\t\t\t\t\t\t\t\t\t<img decoding=\"async\" width=\"300\" height=\"92\" src=\"https:\/\/dandoleotravuelta.com\/wp-content\/uploads\/2026\/01\/logo-blanco-1-300x92.png\" class=\"attachment-medium size-medium wp-image-1362\" alt=\"\" srcset=\"https:\/\/dandoleotravuelta.com\/wp-content\/uploads\/2026\/01\/logo-blanco-1-300x92.png 300w, https:\/\/dandoleotravuelta.com\/wp-content\/uploads\/2026\/01\/logo-blanco-1-1024x313.png 1024w, https:\/\/dandoleotravuelta.com\/wp-content\/uploads\/2026\/01\/logo-blanco-1-768x235.png 768w, https:\/\/dandoleotravuelta.com\/wp-content\/uploads\/2026\/01\/logo-blanco-1.png 1061w\" sizes=\"(max-width: 300px) 100vw, 300px\" \/>\t\t\t\t\t\t\t\t\t\t\t\t\t\t\t<\/div>\n\t\t\t\t<\/div>\n\t\t\t\t<\/div>\n\t\t<div class=\"elementor-element elementor-element-db7f0f9 e-con-full e-flex e-con e-child\" data-id=\"db7f0f9\" data-element_type=\"container\">\n\t\t\t\t<\/div>\n\t\t\t\t\t<\/div>\n\t\t\t\t<\/div>\n\t\t<div class=\"elementor-element elementor-element-607b3c9 e-con-full e-flex e-con e-parent\" data-id=\"607b3c9\" data-element_type=\"container\" data-settings=\"{&quot;background_background&quot;:&quot;classic&quot;}\">\n\t\t<div class=\"elementor-element elementor-element-35e490e e-con-full e-flex e-con e-child\" data-id=\"35e490e\" data-element_type=\"container\">\n\t\t\t\t<div class=\"elementor-element elementor-element-1676b92 elementor-widget elementor-widget-text-editor\" data-id=\"1676b92\" data-element_type=\"widget\" data-widget_type=\"text-editor.default\">\n\t\t\t\t<div class=\"elementor-widget-container\">\n\t\t\t\t\t\t\t\t\t<p>\u00a0<\/p><p><span style=\"letter-spacing: -0.8px;\">Otra forma de habitar<\/span>es posible<\/p>\t\t\t\t\t\t\t\t<\/div>\n\t\t\t\t<\/div>\n\t\t\t\t<div class=\"elementor-element elementor-element-60a26aa elementor-widget elementor-widget-text-editor\" data-id=\"60a26aa\" data-element_type=\"widget\" data-widget_type=\"text-editor.default\">\n\t\t\t\t<div class=\"elementor-widget-container\">\n\t\t\t\t\t\t\t\t\t<p>Otra forma mucho m\u00e1s amable, m\u00e1s ligera y m\u00e1s honesta contigo misma.<br \/>Donde el dise\u00f1o de interiores y el desarrollo personal se fusionan para ayudarte a vivir mejor,<br \/>para ayudarte a entender lo que no funciona por m\u00e1s que te empe\u00f1es.<br \/><br \/>El espacio es el resultado de esa conexi\u00f3n entre tu espacio y t\u00fa.<\/p><p>\u00a0<\/p>\t\t\t\t\t\t\t\t<\/div>\n\t\t\t\t<\/div>\n\t\t\t\t<div class=\"elementor-element elementor-element-aecb14e elementor-align-center elementor-widget elementor-widget-button\" data-id=\"aecb14e\" data-element_type=\"widget\" data-widget_type=\"button.default\">\n\t\t\t\t<div class=\"elementor-widget-container\">\n\t\t\t\t\t\t\t\t\t<div class=\"elementor-button-wrapper\">\n\t\t\t\t\t<a class=\"elementor-button elementor-button-link elementor-size-sm\" href=\"#\">\n\t\t\t\t\t\t<span class=\"elementor-button-content-wrapper\">\n\t\t\t\t\t\t\t\t\t<span class=\"elementor-button-text\">Descubre los Packs de Asesor\u00edas<\/span>\n\t\t\t\t\t<\/span>\n\t\t\t\t\t<\/a>\n\t\t\t\t<\/div>\n\t\t\t\t\t\t\t\t<\/div>\n\t\t\t\t<\/div>\n\t\t\t\t<\/div>\n\t\t\t\t<div class=\"elementor-element elementor-element-2f7b1c7 elementor-widget elementor-widget-image\" data-id=\"2f7b1c7\" data-element_type=\"widget\" data-widget_type=\"image.default\">\n\t\t\t\t<div class=\"elementor-widget-container\">\n\t\t\t\t\t\t\t\t\t\t\t\t\t\t\t<img fetchpriority=\"high\" decoding=\"async\" width=\"687\" height=\"1024\" src=\"https:\/\/dandoleotravuelta.com\/wp-content\/uploads\/2026\/01\/e-x-t-e-r-n-a-l_-i-m-a-g-e_-t-o_-i-m-a-g-e-926b0823-8474-4487-9734-33214a5e1906-687x1024.png\" class=\"attachment-large size-large wp-image-1483\" alt=\"\" srcset=\"https:\/\/dandoleotravuelta.com\/wp-content\/uploads\/2026\/01\/e-x-t-e-r-n-a-l_-i-m-a-g-e_-t-o_-i-m-a-g-e-926b0823-8474-4487-9734-33214a5e1906-687x1024.png 687w, https:\/\/dandoleotravuelta.com\/wp-content\/uploads\/2026\/01\/e-x-t-e-r-n-a-l_-i-m-a-g-e_-t-o_-i-m-a-g-e-926b0823-8474-4487-9734-33214a5e1906-201x300.png 201w, https:\/\/dandoleotravuelta.com\/wp-content\/uploads\/2026\/01\/e-x-t-e-r-n-a-l_-i-m-a-g-e_-t-o_-i-m-a-g-e-926b0823-8474-4487-9734-33214a5e1906-768x1145.png 768w, https:\/\/dandoleotravuelta.com\/wp-content\/uploads\/2026\/01\/e-x-t-e-r-n-a-l_-i-m-a-g-e_-t-o_-i-m-a-g-e-926b0823-8474-4487-9734-33214a5e1906-1030x1536.png 1030w, https:\/\/dandoleotravuelta.com\/wp-content\/uploads\/2026\/01\/e-x-t-e-r-n-a-l_-i-m-a-g-e_-t-o_-i-m-a-g-e-926b0823-8474-4487-9734-33214a5e1906-1374x2048.png 1374w, https:\/\/dandoleotravuelta.com\/wp-content\/uploads\/2026\/01\/e-x-t-e-r-n-a-l_-i-m-a-g-e_-t-o_-i-m-a-g-e-926b0823-8474-4487-9734-33214a5e1906.png 1696w\" sizes=\"(max-width: 687px) 100vw, 687px\" \/>\t\t\t\t\t\t\t\t\t\t\t\t\t\t\t<\/div>\n\t\t\t\t<\/div>\n\t\t\t\t<\/div>\n\t\t<div class=\"elementor-element elementor-element-7283cbd e-flex e-con-boxed e-con e-parent\" data-id=\"7283cbd\" data-element_type=\"container\" data-settings=\"{&quot;background_background&quot;:&quot;classic&quot;}\">\n\t\t\t\t\t<div class=\"e-con-inner\">\n\t\t\t\t<div class=\"elementor-element elementor-element-20d691a elementor-widget elementor-widget-text-editor\" data-id=\"20d691a\" data-element_type=\"widget\" data-widget_type=\"text-editor.default\">\n\t\t\t\t<div class=\"elementor-widget-container\">\n\t\t\t\t\t\t\t\t\t<p>\u00a0<\/p><p style=\"text-align: center;\">TU HOGAR ES TU HISTORIA, HAZ QUE SEA BONITA DE CONTAR\u00a0<\/p>\t\t\t\t\t\t\t\t<\/div>\n\t\t\t\t<\/div>\n\t\t\t\t\t<\/div>\n\t\t\t\t<\/div>\n\t\t\t\t<\/div>\n\t\t","protected":false},"excerpt":{"rendered":"<p>\u00a0 Otra forma de habitares posible Otra forma mucho m\u00e1s amable, m\u00e1s ligera y m\u00e1s honesta contigo misma.Donde el dise\u00f1o de interiores y el desarrollo personal se fusionan para ayudarte a vivir mejor,para ayudarte a entender lo que no funciona por m\u00e1s que te empe\u00f1es. El espacio es el resultado de esa conexi\u00f3n entre tu [&hellip;]<\/p>\n","protected":false},"author":1,"featured_media":0,"parent":0,"menu_order":0,"comment_status":"closed","ping_status":"closed","template":"","meta":{"footnotes":""},"class_list":["post-1321","page","type-page","status-publish","hentry"],"yoast_head":"<!-- This site is optimized with the Yoast SEO plugin v23.0 - https:\/\/yoast.com\/wordpress\/plugins\/seo\/ -->\n<title>Inicio<\/title>\n<meta name=\"robots\" content=\"index, follow, max-snippet:-1, max-image-preview:large, max-video-preview:-1\" \/>\n<link rel=\"canonical\" href=\"https:\/\/dandoleotravuelta.com\/?page_id=1321\" \/>\n<meta property=\"og:locale\" content=\"es_ES\" \/>\n<meta property=\"og:type\" content=\"article\" \/>\n<meta property=\"og:title\" content=\"Inicio\" \/>\n<meta property=\"og:description\" content=\"\u00a0 Otra forma de habitares posible Otra forma mucho m\u00e1s amable, m\u00e1s ligera y m\u00e1s honesta contigo misma.Donde el dise\u00f1o de interiores y el desarrollo personal se fusionan para ayudarte a vivir mejor,para ayudarte a entender lo que no funciona por m\u00e1s que te empe\u00f1es. El espacio es el resultado de esa conexi\u00f3n entre tu [&hellip;]\" \/>\n<meta property=\"og:url\" content=\"https:\/\/dandoleotravuelta.com\/?page_id=1321\" \/>\n<meta property=\"og:site_name\" content=\"www.dandoleotravuelta.com\" \/>\n<meta property=\"article:modified_time\" content=\"2026-01-29T19:25:48+00:00\" \/>\n<meta property=\"og:image\" content=\"https:\/\/dandoleotravuelta.com\/wp-content\/uploads\/2026\/01\/logo-blanco-1-300x92.png\" \/>\n<meta name=\"twitter:card\" content=\"summary_large_image\" \/>\n<meta name=\"twitter:label1\" content=\"Tiempo de lectura\" \/>\n\t<meta name=\"twitter:data1\" content=\"1 minuto\" \/>\n<script type=\"application\/ld+json\" class=\"yoast-schema-graph\">{\"@context\":\"https:\/\/schema.org\",\"@graph\":[{\"@type\":\"WebPage\",\"@id\":\"https:\/\/dandoleotravuelta.com\/?page_id=1321\",\"url\":\"https:\/\/dandoleotravuelta.com\/?page_id=1321\",\"name\":\"Inicio\",\"isPartOf\":{\"@id\":\"https:\/\/dandoleotravuelta.com\/#website\"},\"primaryImageOfPage\":{\"@id\":\"https:\/\/dandoleotravuelta.com\/?page_id=1321#primaryimage\"},\"image\":{\"@id\":\"https:\/\/dandoleotravuelta.com\/?page_id=1321#primaryimage\"},\"thumbnailUrl\":\"https:\/\/dandoleotravuelta.com\/wp-content\/uploads\/2026\/01\/logo-blanco-1-300x92.png\",\"datePublished\":\"2026-01-25T21:28:26+00:00\",\"dateModified\":\"2026-01-29T19:25:48+00:00\",\"breadcrumb\":{\"@id\":\"https:\/\/dandoleotravuelta.com\/?page_id=1321#breadcrumb\"},\"inLanguage\":\"es\",\"potentialAction\":[{\"@type\":\"ReadAction\",\"target\":[\"https:\/\/dandoleotravuelta.com\/?page_id=1321\"]}]},{\"@type\":\"ImageObject\",\"inLanguage\":\"es\",\"@id\":\"https:\/\/dandoleotravuelta.com\/?page_id=1321#primaryimage\",\"url\":\"https:\/\/dandoleotravuelta.com\/wp-content\/uploads\/2026\/01\/logo-blanco-1.png\",\"contentUrl\":\"https:\/\/dandoleotravuelta.com\/wp-content\/uploads\/2026\/01\/logo-blanco-1.png\",\"width\":1061,\"height\":324},{\"@type\":\"BreadcrumbList\",\"@id\":\"https:\/\/dandoleotravuelta.com\/?page_id=1321#breadcrumb\",\"itemListElement\":[{\"@type\":\"ListItem\",\"position\":1,\"name\":\"Portada\",\"item\":\"https:\/\/dandoleotravuelta.com\/\"},{\"@type\":\"ListItem\",\"position\":2,\"name\":\"Inicio\"}]},{\"@type\":\"WebSite\",\"@id\":\"https:\/\/dandoleotravuelta.com\/#website\",\"url\":\"https:\/\/dandoleotravuelta.com\/\",\"name\":\"www.dandoleotravuelta.com\",\"description\":\"Anah\u00ed - Dise\u00f1o de interiores &amp; Desarrollo Personal\",\"potentialAction\":[{\"@type\":\"SearchAction\",\"target\":{\"@type\":\"EntryPoint\",\"urlTemplate\":\"https:\/\/dandoleotravuelta.com\/?s={search_term_string}\"},\"query-input\":\"required name=search_term_string\"}],\"inLanguage\":\"es\"}]}<\/script>\n<!-- \/ Yoast SEO plugin. -->","yoast_head_json":{"title":"Inicio","robots":{"index":"index","follow":"follow","max-snippet":"max-snippet:-1","max-image-preview":"max-image-preview:large","max-video-preview":"max-video-preview:-1"},"canonical":"https:\/\/dandoleotravuelta.com\/?page_id=1321","og_locale":"es_ES","og_type":"article","og_title":"Inicio","og_description":"\u00a0 Otra forma de habitares posible Otra forma mucho m\u00e1s amable, m\u00e1s ligera y m\u00e1s honesta contigo misma.Donde el dise\u00f1o de interiores y el desarrollo personal se fusionan para ayudarte a vivir mejor,para ayudarte a entender lo que no funciona por m\u00e1s que te empe\u00f1es. El espacio es el resultado de esa conexi\u00f3n entre tu [&hellip;]","og_url":"https:\/\/dandoleotravuelta.com\/?page_id=1321","og_site_name":"www.dandoleotravuelta.com","article_modified_time":"2026-01-29T19:25:48+00:00","og_image":[{"url":"https:\/\/dandoleotravuelta.com\/wp-content\/uploads\/2026\/01\/logo-blanco-1-300x92.png"}],"twitter_card":"summary_large_image","twitter_misc":{"Tiempo de lectura":"1 minuto"},"schema":{"@context":"https:\/\/schema.org","@graph":[{"@type":"WebPage","@id":"https:\/\/dandoleotravuelta.com\/?page_id=1321","url":"https:\/\/dandoleotravuelta.com\/?page_id=1321","name":"Inicio","isPartOf":{"@id":"https:\/\/dandoleotravuelta.com\/#website"},"primaryImageOfPage":{"@id":"https:\/\/dandoleotravuelta.com\/?page_id=1321#primaryimage"},"image":{"@id":"https:\/\/dandoleotravuelta.com\/?page_id=1321#primaryimage"},"thumbnailUrl":"https:\/\/dandoleotravuelta.com\/wp-content\/uploads\/2026\/01\/logo-blanco-1-300x92.png","datePublished":"2026-01-25T21:28:26+00:00","dateModified":"2026-01-29T19:25:48+00:00","breadcrumb":{"@id":"https:\/\/dandoleotravuelta.com\/?page_id=1321#breadcrumb"},"inLanguage":"es","potentialAction":[{"@type":"ReadAction","target":["https:\/\/dandoleotravuelta.com\/?page_id=1321"]}]},{"@type":"ImageObject","inLanguage":"es","@id":"https:\/\/dandoleotravuelta.com\/?page_id=1321#primaryimage","url":"https:\/\/dandoleotravuelta.com\/wp-content\/uploads\/2026\/01\/logo-blanco-1.png","contentUrl":"https:\/\/dandoleotravuelta.com\/wp-content\/uploads\/2026\/01\/logo-blanco-1.png","width":1061,"height":324},{"@type":"BreadcrumbList","@id":"https:\/\/dandoleotravuelta.com\/?page_id=1321#breadcrumb","itemListElement":[{"@type":"ListItem","position":1,"name":"Portada","item":"https:\/\/dandoleotravuelta.com\/"},{"@type":"ListItem","position":2,"name":"Inicio"}]},{"@type":"WebSite","@id":"https:\/\/dandoleotravuelta.com\/#website","url":"https:\/\/dandoleotravuelta.com\/","name":"www.dandoleotravuelta.com","description":"Anah\u00ed - Dise\u00f1o de interiores &amp; Desarrollo Personal","potentialAction":[{"@type":"SearchAction","target":{"@type":"EntryPoint","urlTemplate":"https:\/\/dandoleotravuelta.com\/?s={search_term_string}"},"query-input":"required name=search_term_string"}],"inLanguage":"es"}]}},"_links":{"self":[{"href":"https:\/\/dandoleotravuelta.com\/index.php?rest_route=\/wp\/v2\/pages\/1321","targetHints":{"allow":["GET"]}}],"collection":[{"href":"https:\/\/dandoleotravuelta.com\/index.php?rest_route=\/wp\/v2\/pages"}],"about":[{"href":"https:\/\/dandoleotravuelta.com\/index.php?rest_route=\/wp\/v2\/types\/page"}],"author":[{"embeddable":true,"href":"https:\/\/dandoleotravuelta.com\/index.php?rest_route=\/wp\/v2\/users\/1"}],"replies":[{"embeddable":true,"href":"https:\/\/dandoleotravuelta.com\/index.php?rest_route=%2Fwp%2Fv2%2Fcomments&post=1321"}],"version-history":[{"count":23,"href":"https:\/\/dandoleotravuelta.com\/index.php?rest_route=\/wp\/v2\/pages\/1321\/revisions"}],"predecessor-version":[{"id":1487,"href":"https:\/\/dandoleotravuelta.com\/index.php?rest_route=\/wp\/v2\/pages\/1321\/revisions\/1487"}],"wp:attachment":[{"href":"https:\/\/dandoleotravuelta.com\/index.php?rest_route=%2Fwp%2Fv2%2Fmedia&parent=1321"}],"curies":[{"name":"wp","href":"https:\/\/api.w.org\/{rel}","templated":true}]}}