{"id":1488,"date":"2026-01-29T20:35:31","date_gmt":"2026-01-29T19:35:31","guid":{"rendered":"https:\/\/dandoleotravuelta.com\/?page_id=1488"},"modified":"2026-04-06T23:48:21","modified_gmt":"2026-04-06T21:48:21","slug":"elementor-1488","status":"publish","type":"page","link":"https:\/\/dandoleotravuelta.com\/","title":{"rendered":"Elementor #1488"},"content":{"rendered":"\t\t<div data-elementor-type=\"wp-post\" data-elementor-id=\"1488\" class=\"elementor elementor-1488\" data-elementor-post-type=\"page\">\n\t\t\t\t<div class=\"elementor-element elementor-element-e92cd6b e-con-full e-flex e-con e-parent\" data-id=\"e92cd6b\" data-element_type=\"container\" data-settings=\"{&quot;background_background&quot;:&quot;classic&quot;,&quot;shape_divider_top&quot;:&quot;mountains&quot;}\">\n\t\t\t\t<div class=\"elementor-shape elementor-shape-top\" aria-hidden=\"true\" data-negative=\"false\">\n\t\t\t<svg xmlns=\"http:\/\/www.w3.org\/2000\/svg\" viewBox=\"0 0 1000 100\" preserveAspectRatio=\"none\">\n\t<path class=\"elementor-shape-fill\" opacity=\"0.33\" d=\"M473,67.3c-203.9,88.3-263.1-34-320.3,0C66,119.1,0,59.7,0,59.7V0h1000v59.7 c0,0-62.1,26.1-94.9,29.3c-32.8,3.3-62.8-12.3-75.8-22.1C806,49.6,745.3,8.7,694.9,4.7S492.4,59,473,67.3z\"\/>\n\t<path class=\"elementor-shape-fill\" opacity=\"0.66\" d=\"M734,67.3c-45.5,0-77.2-23.2-129.1-39.1c-28.6-8.7-150.3-10.1-254,39.1 s-91.7-34.4-149.2,0C115.7,118.3,0,39.8,0,39.8V0h1000v36.5c0,0-28.2-18.5-92.1-18.5C810.2,18.1,775.7,67.3,734,67.3z\"\/>\n\t<path class=\"elementor-shape-fill\" d=\"M766.1,28.9c-200-57.5-266,65.5-395.1,19.5C242,1.8,242,5.4,184.8,20.6C128,35.8,132.3,44.9,89.9,52.5C28.6,63.7,0,0,0,0 h1000c0,0-9.9,40.9-83.6,48.1S829.6,47,766.1,28.9z\"\/>\n<\/svg>\t\t<\/div>\n\t\t<div class=\"elementor-element elementor-element-c894a3f e-con-full e-flex e-con e-child\" data-id=\"c894a3f\" data-element_type=\"container\">\n\t\t\t\t<div class=\"elementor-element elementor-element-0446f65 elementor-widget elementor-widget-text-editor\" data-id=\"0446f65\" data-element_type=\"widget\" data-widget_type=\"text-editor.default\">\n\t\t\t\t<div class=\"elementor-widget-container\">\n\t\t\t\t\t\t\t\t\t<h1><span style=\"color: #000000;\"><strong><span style=\"letter-spacing: -0.8px;\">Tu hogar<br \/><\/span><\/strong><span style=\"letter-spacing: -0.8px;\"><strong>empieza <br \/><\/strong><em><span style=\"color: #c4785a;\"><b>po<\/b>r ti<br \/><\/span><\/em><\/span><span style=\"letter-spacing: -0.8px; color: #c4785a;\">_<\/span><\/span><\/h1><p style=\"text-align: left;\"><span style=\"letter-spacing: -0.8px;\">\u00a0<\/span><\/p>\t\t\t\t\t\t\t\t<\/div>\n\t\t\t\t<\/div>\n\t\t\t\t<div class=\"elementor-element elementor-element-1758a4d elementor-widget elementor-widget-text-editor\" data-id=\"1758a4d\" data-element_type=\"widget\" data-widget_type=\"text-editor.default\">\n\t\t\t\t<div class=\"elementor-widget-container\">\n\t\t\t\t\t\t\t\t\t<h3 style=\"text-align: left;\">\u00bfPOR D\u00d3NDE EMPIEZAS T\u00da?<\/h3>\t\t\t\t\t\t\t\t<\/div>\n\t\t\t\t<\/div>\n\t\t\t\t<div class=\"elementor-element elementor-element-43b8b34 elementor-widget elementor-widget-text-editor\" data-id=\"43b8b34\" data-element_type=\"widget\" data-widget_type=\"text-editor.default\">\n\t\t\t\t<div class=\"elementor-widget-container\">\n\t\t\t\t\t\t\t\t\t<h2>Tres formas de trabajar conmigo, seg\u00fan el momento en el que est\u00e9s.<\/h2>\t\t\t\t\t\t\t\t<\/div>\n\t\t\t\t<\/div>\n\t\t\t\t<div class=\"elementor-element elementor-element-f0415d2 elementor-align-center elementor-widget elementor-widget-button\" data-id=\"f0415d2\" data-element_type=\"widget\" data-widget_type=\"button.default\">\n\t\t\t\t<div class=\"elementor-widget-container\">\n\t\t\t\t\t\t\t\t\t<div class=\"elementor-button-wrapper\">\n\t\t\t\t\t<a class=\"elementor-button elementor-button-link elementor-size-sm\" href=\"http:\/\/subscribepage.io\/mapadeservicios\">\n\t\t\t\t\t\t<span class=\"elementor-button-content-wrapper\">\n\t\t\t\t\t\t\t\t\t<span class=\"elementor-button-text\">QUIERO EMPEZAR<\/span>\n\t\t\t\t\t<\/span>\n\t\t\t\t\t<\/a>\n\t\t\t\t<\/div>\n\t\t\t\t\t\t\t\t<\/div>\n\t\t\t\t<\/div>\n\t\t\t\t<\/div>\n\t\t\t\t<div class=\"elementor-element elementor-element-1fea0e8 elementor-widget elementor-widget-image\" data-id=\"1fea0e8\" data-element_type=\"widget\" data-widget_type=\"image.default\">\n\t\t\t\t<div class=\"elementor-widget-container\">\n\t\t\t\t\t\t\t\t\t\t\t\t\t\t\t<img fetchpriority=\"high\" decoding=\"async\" width=\"687\" height=\"1024\" src=\"https:\/\/dandoleotravuelta.com\/wp-content\/uploads\/2026\/01\/e-x-t-e-r-n-a-l_-i-m-a-g-e_-t-o_-i-m-a-g-e-926b0823-8474-4487-9734-33214a5e1906-687x1024.png\" class=\"attachment-large size-large wp-image-1483\" alt=\"\" srcset=\"https:\/\/dandoleotravuelta.com\/wp-content\/uploads\/2026\/01\/e-x-t-e-r-n-a-l_-i-m-a-g-e_-t-o_-i-m-a-g-e-926b0823-8474-4487-9734-33214a5e1906-687x1024.png 687w, https:\/\/dandoleotravuelta.com\/wp-content\/uploads\/2026\/01\/e-x-t-e-r-n-a-l_-i-m-a-g-e_-t-o_-i-m-a-g-e-926b0823-8474-4487-9734-33214a5e1906-201x300.png 201w, https:\/\/dandoleotravuelta.com\/wp-content\/uploads\/2026\/01\/e-x-t-e-r-n-a-l_-i-m-a-g-e_-t-o_-i-m-a-g-e-926b0823-8474-4487-9734-33214a5e1906-768x1145.png 768w, https:\/\/dandoleotravuelta.com\/wp-content\/uploads\/2026\/01\/e-x-t-e-r-n-a-l_-i-m-a-g-e_-t-o_-i-m-a-g-e-926b0823-8474-4487-9734-33214a5e1906-1030x1536.png 1030w, https:\/\/dandoleotravuelta.com\/wp-content\/uploads\/2026\/01\/e-x-t-e-r-n-a-l_-i-m-a-g-e_-t-o_-i-m-a-g-e-926b0823-8474-4487-9734-33214a5e1906-1374x2048.png 1374w, https:\/\/dandoleotravuelta.com\/wp-content\/uploads\/2026\/01\/e-x-t-e-r-n-a-l_-i-m-a-g-e_-t-o_-i-m-a-g-e-926b0823-8474-4487-9734-33214a5e1906.png 1696w\" sizes=\"(max-width: 687px) 100vw, 687px\" \/>\t\t\t\t\t\t\t\t\t\t\t\t\t\t\t<\/div>\n\t\t\t\t<\/div>\n\t\t\t\t<\/div>\n\t\t\t\t<\/div>\n\t\t","protected":false},"excerpt":{"rendered":"<p>Tu hogarempieza por ti_ \u00a0 \u00bfPOR D\u00d3NDE EMPIEZAS T\u00da? Tres formas de trabajar conmigo, seg\u00fan el momento en el que est\u00e9s. QUIERO EMPEZAR<\/p>\n","protected":false},"author":1,"featured_media":0,"parent":0,"menu_order":0,"comment_status":"closed","ping_status":"closed","template":"elementor_header_footer","meta":{"footnotes":""},"class_list":["post-1488","page","type-page","status-publish","hentry"],"yoast_head":"<!-- This site is optimized with the Yoast SEO plugin v23.0 - https:\/\/yoast.com\/wordpress\/plugins\/seo\/ -->\n<title>Elementor #1488<\/title>\n<meta name=\"robots\" content=\"index, follow, max-snippet:-1, max-image-preview:large, max-video-preview:-1\" \/>\n<link rel=\"canonical\" href=\"https:\/\/dandoleotravuelta.com\/\" \/>\n<meta property=\"og:locale\" content=\"es_ES\" \/>\n<meta property=\"og:type\" content=\"article\" \/>\n<meta property=\"og:title\" content=\"Elementor #1488\" \/>\n<meta property=\"og:description\" content=\"Tu hogarempieza por ti_ \u00a0 \u00bfPOR D\u00d3NDE EMPIEZAS T\u00da? Tres formas de trabajar conmigo, seg\u00fan el momento en el que est\u00e9s. QUIERO EMPEZAR\" \/>\n<meta property=\"og:url\" content=\"https:\/\/dandoleotravuelta.com\/\" \/>\n<meta property=\"og:site_name\" content=\"www.dandoleotravuelta.com\" \/>\n<meta property=\"article:modified_time\" content=\"2026-04-06T21:48:21+00:00\" \/>\n<meta property=\"og:image\" content=\"https:\/\/dandoleotravuelta.com\/wp-content\/uploads\/2026\/01\/e-x-t-e-r-n-a-l_-i-m-a-g-e_-t-o_-i-m-a-g-e-926b0823-8474-4487-9734-33214a5e1906-687x1024.png\" \/>\n<meta name=\"twitter:card\" content=\"summary_large_image\" \/>\n<meta name=\"twitter:label1\" content=\"Tiempo de lectura\" \/>\n\t<meta name=\"twitter:data1\" content=\"1 minuto\" \/>\n<script type=\"application\/ld+json\" class=\"yoast-schema-graph\">{\"@context\":\"https:\/\/schema.org\",\"@graph\":[{\"@type\":\"WebPage\",\"@id\":\"https:\/\/dandoleotravuelta.com\/\",\"url\":\"https:\/\/dandoleotravuelta.com\/\",\"name\":\"Elementor #1488\",\"isPartOf\":{\"@id\":\"https:\/\/dandoleotravuelta.com\/#website\"},\"primaryImageOfPage\":{\"@id\":\"https:\/\/dandoleotravuelta.com\/#primaryimage\"},\"image\":{\"@id\":\"https:\/\/dandoleotravuelta.com\/#primaryimage\"},\"thumbnailUrl\":\"https:\/\/dandoleotravuelta.com\/wp-content\/uploads\/2026\/01\/e-x-t-e-r-n-a-l_-i-m-a-g-e_-t-o_-i-m-a-g-e-926b0823-8474-4487-9734-33214a5e1906-687x1024.png\",\"datePublished\":\"2026-01-29T19:35:31+00:00\",\"dateModified\":\"2026-04-06T21:48:21+00:00\",\"breadcrumb\":{\"@id\":\"https:\/\/dandoleotravuelta.com\/#breadcrumb\"},\"inLanguage\":\"es\",\"potentialAction\":[{\"@type\":\"ReadAction\",\"target\":[\"https:\/\/dandoleotravuelta.com\/\"]}]},{\"@type\":\"ImageObject\",\"inLanguage\":\"es\",\"@id\":\"https:\/\/dandoleotravuelta.com\/#primaryimage\",\"url\":\"https:\/\/dandoleotravuelta.com\/wp-content\/uploads\/2026\/01\/e-x-t-e-r-n-a-l_-i-m-a-g-e_-t-o_-i-m-a-g-e-926b0823-8474-4487-9734-33214a5e1906.png\",\"contentUrl\":\"https:\/\/dandoleotravuelta.com\/wp-content\/uploads\/2026\/01\/e-x-t-e-r-n-a-l_-i-m-a-g-e_-t-o_-i-m-a-g-e-926b0823-8474-4487-9734-33214a5e1906.png\",\"width\":1696,\"height\":2528},{\"@type\":\"BreadcrumbList\",\"@id\":\"https:\/\/dandoleotravuelta.com\/#breadcrumb\",\"itemListElement\":[{\"@type\":\"ListItem\",\"position\":1,\"name\":\"Portada\",\"item\":\"https:\/\/dandoleotravuelta.com\/\"},{\"@type\":\"ListItem\",\"position\":2,\"name\":\"Elementor #1488\"}]},{\"@type\":\"WebSite\",\"@id\":\"https:\/\/dandoleotravuelta.com\/#website\",\"url\":\"https:\/\/dandoleotravuelta.com\/\",\"name\":\"www.dandoleotravuelta.com\",\"description\":\"Anah\u00ed - Dise\u00f1o de interiores &amp; Desarrollo Personal\",\"potentialAction\":[{\"@type\":\"SearchAction\",\"target\":{\"@type\":\"EntryPoint\",\"urlTemplate\":\"https:\/\/dandoleotravuelta.com\/?s={search_term_string}\"},\"query-input\":\"required name=search_term_string\"}],\"inLanguage\":\"es\"}]}<\/script>\n<!-- \/ Yoast SEO plugin. -->","yoast_head_json":{"title":"Elementor #1488","robots":{"index":"index","follow":"follow","max-snippet":"max-snippet:-1","max-image-preview":"max-image-preview:large","max-video-preview":"max-video-preview:-1"},"canonical":"https:\/\/dandoleotravuelta.com\/","og_locale":"es_ES","og_type":"article","og_title":"Elementor #1488","og_description":"Tu hogarempieza por ti_ \u00a0 \u00bfPOR D\u00d3NDE EMPIEZAS T\u00da? Tres formas de trabajar conmigo, seg\u00fan el momento en el que est\u00e9s. QUIERO EMPEZAR","og_url":"https:\/\/dandoleotravuelta.com\/","og_site_name":"www.dandoleotravuelta.com","article_modified_time":"2026-04-06T21:48:21+00:00","og_image":[{"url":"https:\/\/dandoleotravuelta.com\/wp-content\/uploads\/2026\/01\/e-x-t-e-r-n-a-l_-i-m-a-g-e_-t-o_-i-m-a-g-e-926b0823-8474-4487-9734-33214a5e1906-687x1024.png"}],"twitter_card":"summary_large_image","twitter_misc":{"Tiempo de lectura":"1 minuto"},"schema":{"@context":"https:\/\/schema.org","@graph":[{"@type":"WebPage","@id":"https:\/\/dandoleotravuelta.com\/","url":"https:\/\/dandoleotravuelta.com\/","name":"Elementor #1488","isPartOf":{"@id":"https:\/\/dandoleotravuelta.com\/#website"},"primaryImageOfPage":{"@id":"https:\/\/dandoleotravuelta.com\/#primaryimage"},"image":{"@id":"https:\/\/dandoleotravuelta.com\/#primaryimage"},"thumbnailUrl":"https:\/\/dandoleotravuelta.com\/wp-content\/uploads\/2026\/01\/e-x-t-e-r-n-a-l_-i-m-a-g-e_-t-o_-i-m-a-g-e-926b0823-8474-4487-9734-33214a5e1906-687x1024.png","datePublished":"2026-01-29T19:35:31+00:00","dateModified":"2026-04-06T21:48:21+00:00","breadcrumb":{"@id":"https:\/\/dandoleotravuelta.com\/#breadcrumb"},"inLanguage":"es","potentialAction":[{"@type":"ReadAction","target":["https:\/\/dandoleotravuelta.com\/"]}]},{"@type":"ImageObject","inLanguage":"es","@id":"https:\/\/dandoleotravuelta.com\/#primaryimage","url":"https:\/\/dandoleotravuelta.com\/wp-content\/uploads\/2026\/01\/e-x-t-e-r-n-a-l_-i-m-a-g-e_-t-o_-i-m-a-g-e-926b0823-8474-4487-9734-33214a5e1906.png","contentUrl":"https:\/\/dandoleotravuelta.com\/wp-content\/uploads\/2026\/01\/e-x-t-e-r-n-a-l_-i-m-a-g-e_-t-o_-i-m-a-g-e-926b0823-8474-4487-9734-33214a5e1906.png","width":1696,"height":2528},{"@type":"BreadcrumbList","@id":"https:\/\/dandoleotravuelta.com\/#breadcrumb","itemListElement":[{"@type":"ListItem","position":1,"name":"Portada","item":"https:\/\/dandoleotravuelta.com\/"},{"@type":"ListItem","position":2,"name":"Elementor #1488"}]},{"@type":"WebSite","@id":"https:\/\/dandoleotravuelta.com\/#website","url":"https:\/\/dandoleotravuelta.com\/","name":"www.dandoleotravuelta.com","description":"Anah\u00ed - Dise\u00f1o de interiores &amp; Desarrollo Personal","potentialAction":[{"@type":"SearchAction","target":{"@type":"EntryPoint","urlTemplate":"https:\/\/dandoleotravuelta.com\/?s={search_term_string}"},"query-input":"required name=search_term_string"}],"inLanguage":"es"}]}},"_links":{"self":[{"href":"https:\/\/dandoleotravuelta.com\/index.php?rest_route=\/wp\/v2\/pages\/1488","targetHints":{"allow":["GET"]}}],"collection":[{"href":"https:\/\/dandoleotravuelta.com\/index.php?rest_route=\/wp\/v2\/pages"}],"about":[{"href":"https:\/\/dandoleotravuelta.com\/index.php?rest_route=\/wp\/v2\/types\/page"}],"author":[{"embeddable":true,"href":"https:\/\/dandoleotravuelta.com\/index.php?rest_route=\/wp\/v2\/users\/1"}],"replies":[{"embeddable":true,"href":"https:\/\/dandoleotravuelta.com\/index.php?rest_route=%2Fwp%2Fv2%2Fcomments&post=1488"}],"version-history":[{"count":35,"href":"https:\/\/dandoleotravuelta.com\/index.php?rest_route=\/wp\/v2\/pages\/1488\/revisions"}],"predecessor-version":[{"id":1548,"href":"https:\/\/dandoleotravuelta.com\/index.php?rest_route=\/wp\/v2\/pages\/1488\/revisions\/1548"}],"wp:attachment":[{"href":"https:\/\/dandoleotravuelta.com\/index.php?rest_route=%2Fwp%2Fv2%2Fmedia&parent=1488"}],"curies":[{"name":"wp","href":"https:\/\/api.w.org\/{rel}","templated":true}]}}